{"id":8,"date":"2025-12-24T05:55:54","date_gmt":"2025-12-24T05:55:54","guid":{"rendered":"https:\/\/ikincielkombiler.com.tr\/?page_id=8"},"modified":"2025-12-24T10:33:52","modified_gmt":"2025-12-24T10:33:52","slug":"sepet","status":"publish","type":"page","link":"https:\/\/ikincielkombiler.com.tr\/?page_id=8","title":{"rendered":"Sepet"},"content":{"rendered":"\n<div data-block-name=\"woocommerce\/cart\" class=\"wp-block-woocommerce-cart alignwide is-loading\">\n<div data-block-name=\"woocommerce\/filled-cart-block\" class=\"wp-block-woocommerce-filled-cart-block\">\n<div data-block-name=\"woocommerce\/cart-items-block\" class=\"wp-block-woocommerce-cart-items-block\">\n<div data-block-name=\"woocommerce\/cart-line-items-block\" class=\"wp-block-woocommerce-cart-line-items-block\"><\/div>\n\n\n<\/div>\n\n\n\n\n<div data-block-name=\"woocommerce\/cart-totals-block\" class=\"wp-block-woocommerce-cart-totals-block\">\n<div data-block-name=\"woocommerce\/cart-order-summary-block\" class=\"wp-block-woocommerce-cart-order-summary-block\">\n<div data-block-name=\"woocommerce\/cart-order-summary-heading-block\" class=\"wp-block-woocommerce-cart-order-summary-heading-block\"><\/div><div data-block-name=\"woocommerce\/cart-order-summary-coupon-form-block\" class=\"wp-block-woocommerce-cart-order-summary-coupon-form-block\"><\/div><div data-block-name=\"woocommerce\/cart-order-summary-totals-block\" class=\"wp-block-woocommerce-cart-order-summary-totals-block\">\n<div data-block-name=\"woocommerce\/cart-order-summary-subtotal-block\" class=\"wp-block-woocommerce-cart-order-summary-subtotal-block\"><\/div>\n<div data-block-name=\"woocommerce\/cart-order-summary-discount-block\" class=\"wp-block-woocommerce-cart-order-summary-discount-block\"><\/div>\n<div data-block-name=\"woocommerce\/cart-order-summary-fee-block\" class=\"wp-block-woocommerce-cart-order-summary-fee-block\"><\/div>\n<div data-block-name=\"woocommerce\/cart-order-summary-shipping-block\" class=\"wp-block-woocommerce-cart-order-summary-shipping-block\"><\/div>\n<div data-block-name=\"woocommerce\/cart-order-summary-taxes-block\" class=\"wp-block-woocommerce-cart-order-summary-taxes-block\"><\/div><\/div>\n<\/div>\n\n\n\n<div data-block-name=\"woocommerce\/cart-express-payment-block\" class=\"wp-block-woocommerce-cart-express-payment-block\"><\/div>\n\n\n\n<div data-block-name=\"woocommerce\/proceed-to-checkout-block\" class=\"wp-block-woocommerce-proceed-to-checkout-block\"><\/div>\n\n\n\n<div data-block-name=\"woocommerce\/cart-accepted-payment-methods-block\" class=\"wp-block-woocommerce-cart-accepted-payment-methods-block\"><\/div>\n<\/div>\n<\/div>\n\n\n\n<div data-block-name=\"woocommerce\/empty-cart-block\" class=\"wp-block-woocommerce-empty-cart-block\">\n<h2 class=\"wp-block-heading has-text-align-center with-empty-cart-icon wc-block-cart__empty-cart__title\">Sepetiniz \u015fu anda bo\u015f!<\/h2>\n\n\n\n<hr class=\"wp-block-separator has-alpha-channel-opacity is-style-dots\"\/>\n\n\n\n<h2 class=\"wp-block-heading has-text-align-center\">Ma\u011fazada yeni<\/h2>\n\n\n<div data-block-name=\"woocommerce\/product-new\" data-columns=\"4\" data-rows=\"1\" class=\"wc-block-grid wp-block-product-new wp-block-woocommerce-product-new wc-block-product-new has-4-columns\"><ul class=\"wc-block-grid__products\"><li class=\"wc-block-grid__product\">\n\t\t\t\t<a href=\"https:\/\/ikincielkombiler.com.tr\/?product=viesman-24-kw-hermatik-kombi-koctek-sertifikali\" class=\"wc-block-grid__product-link\">\n\t\t\t\t\t\n\t\t\t\t\t<div class=\"wc-block-grid__product-image\"><img loading=\"lazy\" decoding=\"async\" width=\"247\" height=\"329\" src=\"https:\/\/ikincielkombiler.com.tr\/wp-content\/uploads\/2026\/04\/viesaman-2-247x329.jpeg\" class=\"attachment-woocommerce_thumbnail size-woocommerce_thumbnail\" alt=\"V\u0131esman  24 Kw Hermatik Kombi (KO\u00c7TEK SERT\u0130F\u0130KALI)\" srcset=\"https:\/\/ikincielkombiler.com.tr\/wp-content\/uploads\/2026\/04\/viesaman-2-247x329.jpeg 247w, https:\/\/ikincielkombiler.com.tr\/wp-content\/uploads\/2026\/04\/viesaman-2-225x300.jpeg 225w, https:\/\/ikincielkombiler.com.tr\/wp-content\/uploads\/2026\/04\/viesaman-2-768x1024.jpeg 768w, https:\/\/ikincielkombiler.com.tr\/wp-content\/uploads\/2026\/04\/viesaman-2-1152x1536.jpeg 1152w, https:\/\/ikincielkombiler.com.tr\/wp-content\/uploads\/2026\/04\/viesaman-2-510x680.jpeg 510w, https:\/\/ikincielkombiler.com.tr\/wp-content\/uploads\/2026\/04\/viesaman-2.jpeg 1200w\" sizes=\"auto, (max-width: 247px) 100vw, 247px\" \/><\/div>\n\t\t\t\t\t<div class=\"wc-block-grid__product-title\">V\u0131esman  24 Kw Hermatik Kombi (KO\u00c7TEK SERT\u0130F\u0130KALI)<\/div>\n\t\t\t\t<\/a>\n\t\t\t\t<div class=\"wc-block-grid__product-price price\"><span class=\"woocommerce-Price-amount amount\"><span class=\"woocommerce-Price-currencySymbol\">&#8378;<\/span>17.500,00<\/span><\/div>\n\t\t\t\t\n\t\t\t\t<div class=\"wp-block-button wc-block-grid__product-add-to-cart\"><a href=\"\/index.php?rest_route=%2Fwp%2Fv2%2Fpages%2F8&#038;add-to-cart=154\" aria-label=\"Sepete ekle: \u201cV\u0131esman  24 Kw Hermatik Kombi (KO\u00c7TEK SERT\u0130F\u0130KALI)\u201d\" data-quantity=\"1\" data-product_id=\"154\" data-product_sku=\"\" data-price=\"17500\" rel=\"nofollow\" class=\"wp-block-button__link  add_to_cart_button ajax_add_to_cart\">Sepete Ekle<\/a><\/div>\n\t\t\t<\/li><li class=\"wc-block-grid__product\">\n\t\t\t\t<a href=\"https:\/\/ikincielkombiler.com.tr\/?product=eca-proteus-plas-blu-2-senelik\" class=\"wc-block-grid__product-link\">\n\t\t\t\t\t\n\t\t\t\t\t<div class=\"wc-block-grid__product-image\"><img loading=\"lazy\" decoding=\"async\" width=\"247\" height=\"329\" src=\"https:\/\/ikincielkombiler.com.tr\/wp-content\/uploads\/2025\/12\/IMG_9757-scaled-1-247x329.jpeg\" class=\"attachment-woocommerce_thumbnail size-woocommerce_thumbnail\" alt=\"ECA PROTEUS PLAS BLU 2 SENEL\u0130K\" srcset=\"https:\/\/ikincielkombiler.com.tr\/wp-content\/uploads\/2025\/12\/IMG_9757-scaled-1-247x329.jpeg 247w, https:\/\/ikincielkombiler.com.tr\/wp-content\/uploads\/2025\/12\/IMG_9757-scaled-1-510x680.jpeg 510w, https:\/\/ikincielkombiler.com.tr\/wp-content\/uploads\/2025\/12\/IMG_9757-scaled-1-225x300.jpeg 225w, https:\/\/ikincielkombiler.com.tr\/wp-content\/uploads\/2025\/12\/IMG_9757-scaled-1-768x1024.jpeg 768w, https:\/\/ikincielkombiler.com.tr\/wp-content\/uploads\/2025\/12\/IMG_9757-scaled-1-1152x1536.jpeg 1152w, https:\/\/ikincielkombiler.com.tr\/wp-content\/uploads\/2025\/12\/IMG_9757-scaled-1-1536x2048.jpeg 1536w, https:\/\/ikincielkombiler.com.tr\/wp-content\/uploads\/2025\/12\/IMG_9757-scaled-1.jpeg 1920w\" sizes=\"auto, (max-width: 247px) 100vw, 247px\" \/><\/div>\n\t\t\t\t\t<div class=\"wc-block-grid__product-title\">ECA PROTEUS PLAS BLU 2 SENEL\u0130K<\/div>\n\t\t\t\t<\/a>\n\t\t\t\t<div class=\"wc-block-grid__product-price price\"><span class=\"woocommerce-Price-amount amount\"><span class=\"woocommerce-Price-currencySymbol\">&#8378;<\/span>16.500,00<\/span><\/div>\n\t\t\t\t\n\t\t\t\t<div class=\"wp-block-button wc-block-grid__product-add-to-cart\"><a href=\"\/index.php?rest_route=%2Fwp%2Fv2%2Fpages%2F8&#038;add-to-cart=78\" aria-label=\"Sepete ekle: \u201cECA PROTEUS PLAS BLU 2 SENEL\u0130K\u201d\" data-quantity=\"1\" data-product_id=\"78\" data-product_sku=\"\" data-price=\"16500\" rel=\"nofollow\" class=\"wp-block-button__link  add_to_cart_button ajax_add_to_cart\">Sepete Ekle<\/a><\/div>\n\t\t\t<\/li><li class=\"wc-block-grid__product\">\n\t\t\t\t<a href=\"https:\/\/ikincielkombiler.com.tr\/?product=eca-confeo-bacali-digital-ekran-koctek-sertifikali\" class=\"wc-block-grid__product-link\">\n\t\t\t\t\t\n\t\t\t\t\t<div class=\"wc-block-grid__product-image\"><img loading=\"lazy\" decoding=\"async\" width=\"247\" height=\"503\" src=\"https:\/\/ikincielkombiler.com.tr\/wp-content\/uploads\/2025\/12\/bacali2-247x503.jpg\" class=\"attachment-woocommerce_thumbnail size-woocommerce_thumbnail\" alt=\"ECA CONFEO BACALI D\u0130\u011e\u0130TAL EKRAN KO\u00c7TEK SERT\u0130F\u0130KALI\" srcset=\"https:\/\/ikincielkombiler.com.tr\/wp-content\/uploads\/2025\/12\/bacali2-247x503.jpg 247w, https:\/\/ikincielkombiler.com.tr\/wp-content\/uploads\/2025\/12\/bacali2-510x1038.jpg 510w, https:\/\/ikincielkombiler.com.tr\/wp-content\/uploads\/2025\/12\/bacali2-147x300.jpg 147w, https:\/\/ikincielkombiler.com.tr\/wp-content\/uploads\/2025\/12\/bacali2-503x1024.jpg 503w, https:\/\/ikincielkombiler.com.tr\/wp-content\/uploads\/2025\/12\/bacali2-768x1563.jpg 768w, https:\/\/ikincielkombiler.com.tr\/wp-content\/uploads\/2025\/12\/bacali2-755x1536.jpg 755w, https:\/\/ikincielkombiler.com.tr\/wp-content\/uploads\/2025\/12\/bacali2.jpg 1006w\" sizes=\"auto, (max-width: 247px) 100vw, 247px\" \/><\/div>\n\t\t\t\t\t<div class=\"wc-block-grid__product-title\">ECA CONFEO BACALI D\u0130\u011e\u0130TAL EKRAN KO\u00c7TEK SERT\u0130F\u0130KALI<\/div>\n\t\t\t\t<\/a>\n\t\t\t\t<div class=\"wc-block-grid__product-price price\"><span class=\"woocommerce-Price-amount amount\"><span class=\"woocommerce-Price-currencySymbol\">&#8378;<\/span>14.000,00<\/span><\/div>\n\t\t\t\t\n\t\t\t\t<div class=\"wp-block-button wc-block-grid__product-add-to-cart\"><a href=\"\/index.php?rest_route=%2Fwp%2Fv2%2Fpages%2F8&#038;add-to-cart=77\" aria-label=\"Sepete ekle: \u201cECA CONFEO BACALI D\u0130\u011e\u0130TAL EKRAN KO\u00c7TEK SERT\u0130F\u0130KALI\u201d\" data-quantity=\"1\" data-product_id=\"77\" data-product_sku=\"\" data-price=\"14000\" rel=\"nofollow\" class=\"wp-block-button__link  add_to_cart_button ajax_add_to_cart\">Sepete Ekle<\/a><\/div>\n\t\t\t<\/li><li class=\"wc-block-grid__product\">\n\t\t\t\t<a href=\"https:\/\/ikincielkombiler.com.tr\/?product=airfel-24-kw-cift-esenjorlu-hermatik-kombi-koctek-sertifikali\" class=\"wc-block-grid__product-link\">\n\t\t\t\t\t\n\t\t\t\t\t<div class=\"wc-block-grid__product-image\"><img loading=\"lazy\" decoding=\"async\" width=\"247\" height=\"404\" src=\"https:\/\/ikincielkombiler.com.tr\/wp-content\/uploads\/2025\/12\/airfel2-247x404.jpg\" class=\"attachment-woocommerce_thumbnail size-woocommerce_thumbnail\" alt=\"A\u0130RFEL 24 KW \u00c7\u0130FT E\u015eENJ\u00d6RL\u00dc HERMAT\u0130K KOMB\u0130 (KO\u00c7TEK SERT\u0130F\u0130KALI)\" srcset=\"https:\/\/ikincielkombiler.com.tr\/wp-content\/uploads\/2025\/12\/airfel2-247x404.jpg 247w, https:\/\/ikincielkombiler.com.tr\/wp-content\/uploads\/2025\/12\/airfel2-510x834.jpg 510w, https:\/\/ikincielkombiler.com.tr\/wp-content\/uploads\/2025\/12\/airfel2-183x300.jpg 183w, https:\/\/ikincielkombiler.com.tr\/wp-content\/uploads\/2025\/12\/airfel2-626x1024.jpg 626w, https:\/\/ikincielkombiler.com.tr\/wp-content\/uploads\/2025\/12\/airfel2-768x1256.jpg 768w, https:\/\/ikincielkombiler.com.tr\/wp-content\/uploads\/2025\/12\/airfel2-939x1536.jpg 939w, https:\/\/ikincielkombiler.com.tr\/wp-content\/uploads\/2025\/12\/airfel2.jpg 1252w\" sizes=\"auto, (max-width: 247px) 100vw, 247px\" \/><\/div>\n\t\t\t\t\t<div class=\"wc-block-grid__product-title\">A\u0130RFEL 24 KW \u00c7\u0130FT E\u015eENJ\u00d6RL\u00dc HERMAT\u0130K KOMB\u0130 (KO\u00c7TEK SERT\u0130F\u0130KALI)<\/div>\n\t\t\t\t<\/a>\n\t\t\t\t<div class=\"wc-block-grid__product-price price\"><span class=\"woocommerce-Price-amount amount\"><span class=\"woocommerce-Price-currencySymbol\">&#8378;<\/span>11.500,00<\/span><\/div>\n\t\t\t\t\n\t\t\t\t<div class=\"wp-block-button wc-block-grid__product-add-to-cart\"><a href=\"\/index.php?rest_route=%2Fwp%2Fv2%2Fpages%2F8&#038;add-to-cart=76\" aria-label=\"Sepete ekle: \u201cA\u0130RFEL 24 KW \u00c7\u0130FT E\u015eENJ\u00d6RL\u00dc HERMAT\u0130K KOMB\u0130 (KO\u00c7TEK SERT\u0130F\u0130KALI)\u201d\" data-quantity=\"1\" data-product_id=\"76\" data-product_sku=\"\" data-price=\"11500\" rel=\"nofollow\" class=\"wp-block-button__link  add_to_cart_button ajax_add_to_cart\">Sepete Ekle<\/a><\/div>\n\t\t\t<\/li><\/ul><\/div><\/div>\n<\/div>\n","protected":false},"excerpt":{"rendered":"","protected":false},"author":1,"featured_media":0,"parent":0,"menu_order":0,"comment_status":"closed","ping_status":"closed","template":"","meta":{"footnotes":""},"class_list":["post-8","page","type-page","status-publish","hentry"],"_links":{"self":[{"href":"https:\/\/ikincielkombiler.com.tr\/index.php?rest_route=\/wp\/v2\/pages\/8","targetHints":{"allow":["GET"]}}],"collection":[{"href":"https:\/\/ikincielkombiler.com.tr\/index.php?rest_route=\/wp\/v2\/pages"}],"about":[{"href":"https:\/\/ikincielkombiler.com.tr\/index.php?rest_route=\/wp\/v2\/types\/page"}],"author":[{"embeddable":true,"href":"https:\/\/ikincielkombiler.com.tr\/index.php?rest_route=\/wp\/v2\/users\/1"}],"replies":[{"embeddable":true,"href":"https:\/\/ikincielkombiler.com.tr\/index.php?rest_route=%2Fwp%2Fv2%2Fcomments&post=8"}],"version-history":[{"count":1,"href":"https:\/\/ikincielkombiler.com.tr\/index.php?rest_route=\/wp\/v2\/pages\/8\/revisions"}],"predecessor-version":[{"id":12,"href":"https:\/\/ikincielkombiler.com.tr\/index.php?rest_route=\/wp\/v2\/pages\/8\/revisions\/12"}],"wp:attachment":[{"href":"https:\/\/ikincielkombiler.com.tr\/index.php?rest_route=%2Fwp%2Fv2%2Fmedia&parent=8"}],"curies":[{"name":"wp","href":"https:\/\/api.w.org\/{rel}","templated":true}]}}