{"id":73,"date":"2025-12-24T06:01:13","date_gmt":"2025-12-24T06:01:13","guid":{"rendered":"https:\/\/ikincielkombiler.com.tr\/?post_type=product&#038;p=73"},"modified":"2026-04-09T10:23:38","modified_gmt":"2026-04-09T10:23:38","slug":"viesman-vitopent-100-hermatik-kombi-koctek-sertifikali","status":"publish","type":"product","link":"https:\/\/ikincielkombiler.com.tr\/?product=viesman-vitopent-100-hermatik-kombi-koctek-sertifikali","title":{"rendered":"V\u0131esman Vitopent 100 Hermatik Kombi (KO\u00c7TEK SERT\u0130F\u0130KALI)"},"content":{"rendered":"","protected":false},"excerpt":{"rendered":"<ol>\n<li>kombi genel bak\u0131m\u0131 ve fan temizligi yap\u0131lm\u0131\u015ft\u0131r<\/li>\n<li>doldurma muslu\u011fu s\u0131f\u0131rland\u0131<\/li>\n<li>ana e\u015fenj\u00f6r ve plaka e\u015fenj\u00f6r temizlendi<\/li>\n<li>\u00fc\u00e7 yollu tamir tak\u0131m s\u0131f\u0131rland\u0131<\/li>\n<li>genle\u015fme tank\u0131na hava bas\u0131ld\u0131<\/li>\n<li>s\u0131cak su tr\u00fcb\u00fcn\u00fc ve sens\u00f6r s\u0131f\u0131rland\u0131<\/li>\n<\/ol>\n<blockquote>\n<p style=\"text-align: center;\">NOT : <em><strong>KOMB\u0130LER\u0130M\u0130Z 1 SENE GARANT\u0130L\u0130 OLUP GARANT\u0130S\u0130 B\u0130TT\u0130KDEN SONRA SADECE PAR\u00c7A \u00dcCRET\u0130 ALINMAKTADIR<\/strong><\/em><\/p>\n<\/blockquote>\n<p><!--more--><\/p>\n","protected":false},"featured_media":106,"comment_status":"open","ping_status":"closed","template":"","meta":[],"pwb-brand":[],"product_brand":[],"product_cat":[21],"product_tag":[],"class_list":{"0":"post-73","1":"product","2":"type-product","3":"status-publish","4":"has-post-thumbnail","6":"product_cat-viesman","8":"first","9":"instock","10":"shipping-taxable","11":"purchasable","12":"product-type-simple"},"brands":[],"_links":{"self":[{"href":"https:\/\/ikincielkombiler.com.tr\/index.php?rest_route=\/wp\/v2\/product\/73","targetHints":{"allow":["GET"]}}],"collection":[{"href":"https:\/\/ikincielkombiler.com.tr\/index.php?rest_route=\/wp\/v2\/product"}],"about":[{"href":"https:\/\/ikincielkombiler.com.tr\/index.php?rest_route=\/wp\/v2\/types\/product"}],"replies":[{"embeddable":true,"href":"https:\/\/ikincielkombiler.com.tr\/index.php?rest_route=%2Fwp%2Fv2%2Fcomments&post=73"}],"wp:featuredmedia":[{"embeddable":true,"href":"https:\/\/ikincielkombiler.com.tr\/index.php?rest_route=\/wp\/v2\/media\/106"}],"wp:attachment":[{"href":"https:\/\/ikincielkombiler.com.tr\/index.php?rest_route=%2Fwp%2Fv2%2Fmedia&parent=73"}],"wp:term":[{"taxonomy":"pwb-brand","embeddable":true,"href":"https:\/\/ikincielkombiler.com.tr\/index.php?rest_route=%2Fwp%2Fv2%2Fpwb-brand&post=73"},{"taxonomy":"product_brand","embeddable":true,"href":"https:\/\/ikincielkombiler.com.tr\/index.php?rest_route=%2Fwp%2Fv2%2Fproduct_brand&post=73"},{"taxonomy":"product_cat","embeddable":true,"href":"https:\/\/ikincielkombiler.com.tr\/index.php?rest_route=%2Fwp%2Fv2%2Fproduct_cat&post=73"},{"taxonomy":"product_tag","embeddable":true,"href":"https:\/\/ikincielkombiler.com.tr\/index.php?rest_route=%2Fwp%2Fv2%2Fproduct_tag&post=73"}],"curies":[{"name":"wp","href":"https:\/\/api.w.org\/{rel}","templated":true}]}}