{"id":77,"date":"2025-12-24T06:01:13","date_gmt":"2025-12-24T06:01:13","guid":{"rendered":"https:\/\/ikincielkombiler.com.tr\/?post_type=product&#038;p=77"},"modified":"2026-04-09T10:18:47","modified_gmt":"2026-04-09T10:18:47","slug":"eca-confeo-bacali-digital-ekran-koctek-sertifikali","status":"publish","type":"product","link":"https:\/\/ikincielkombiler.com.tr\/?product=eca-confeo-bacali-digital-ekran-koctek-sertifikali","title":{"rendered":"ECA CONFEO BACALI D\u0130\u011e\u0130TAL EKRAN KO\u00c7TEK SERT\u0130F\u0130KALI"},"content":{"rendered":"<p>Ko\u00e7tek Kombi Servisi Taraf\u0131ndan test edilmi\u015f temizli\u011fi yap\u0131lm\u0131\u015f ve garantili olarak sat\u0131\u015fa sunulan Eca Confeo Bacal\u0131 di\u011fital ekran kombi modeli<\/p>\n","protected":false},"excerpt":{"rendered":"<ol>\n<li>kombi genel bak\u0131m\u0131 ve fan temizligi yap\u0131lm\u0131\u015ft\u0131r<\/li>\n<li>doldurma muslu\u011fu s\u0131f\u0131rland\u0131<\/li>\n<li>ana e\u015fenj\u00f6r ve plaka e\u015fenj\u00f6r temizlendi<\/li>\n<li>\u00fc\u00e7 yollu tamir tak\u0131m s\u0131f\u0131rland\u0131<\/li>\n<li>genle\u015fme tank\u0131na hava bas\u0131ld\u0131<\/li>\n<li>s\u0131cak su tr\u00fcb\u00fcn\u00fc ve sens\u00f6r s\u0131f\u0131rland\u0131<\/li>\n<\/ol>\n<blockquote><p>NOT :\u00a0<em><strong>KOMB\u0130LER\u0130M\u0130Z 1 SENE GARANT\u0130L\u0130 OLUP GARANT\u0130S\u0130 B\u0130TT\u0130KDEN SONRA SADECE PAR\u00c7A \u00dcCRET\u0130 ALINMAKTADIR<\/strong><\/em><\/p><\/blockquote>\n","protected":false},"featured_media":115,"comment_status":"open","ping_status":"closed","template":"","meta":[],"pwb-brand":[],"product_brand":[],"product_cat":[17],"product_tag":[],"class_list":{"0":"post-77","1":"product","2":"type-product","3":"status-publish","4":"has-post-thumbnail","6":"product_cat-eca","8":"first","9":"instock","10":"shipping-taxable","11":"purchasable","12":"product-type-simple"},"brands":[],"_links":{"self":[{"href":"https:\/\/ikincielkombiler.com.tr\/index.php?rest_route=\/wp\/v2\/product\/77","targetHints":{"allow":["GET"]}}],"collection":[{"href":"https:\/\/ikincielkombiler.com.tr\/index.php?rest_route=\/wp\/v2\/product"}],"about":[{"href":"https:\/\/ikincielkombiler.com.tr\/index.php?rest_route=\/wp\/v2\/types\/product"}],"replies":[{"embeddable":true,"href":"https:\/\/ikincielkombiler.com.tr\/index.php?rest_route=%2Fwp%2Fv2%2Fcomments&post=77"}],"wp:featuredmedia":[{"embeddable":true,"href":"https:\/\/ikincielkombiler.com.tr\/index.php?rest_route=\/wp\/v2\/media\/115"}],"wp:attachment":[{"href":"https:\/\/ikincielkombiler.com.tr\/index.php?rest_route=%2Fwp%2Fv2%2Fmedia&parent=77"}],"wp:term":[{"taxonomy":"pwb-brand","embeddable":true,"href":"https:\/\/ikincielkombiler.com.tr\/index.php?rest_route=%2Fwp%2Fv2%2Fpwb-brand&post=77"},{"taxonomy":"product_brand","embeddable":true,"href":"https:\/\/ikincielkombiler.com.tr\/index.php?rest_route=%2Fwp%2Fv2%2Fproduct_brand&post=77"},{"taxonomy":"product_cat","embeddable":true,"href":"https:\/\/ikincielkombiler.com.tr\/index.php?rest_route=%2Fwp%2Fv2%2Fproduct_cat&post=77"},{"taxonomy":"product_tag","embeddable":true,"href":"https:\/\/ikincielkombiler.com.tr\/index.php?rest_route=%2Fwp%2Fv2%2Fproduct_tag&post=77"}],"curies":[{"name":"wp","href":"https:\/\/api.w.org\/{rel}","templated":true}]}}